{"id":7,"date":"2026-03-05T00:24:29","date_gmt":"2026-03-05T03:24:29","guid":{"rendered":"http:\/\/arttamoveis.com.br\/index.php\/cart\/"},"modified":"2026-03-23T21:27:04","modified_gmt":"2026-03-24T00:27:04","slug":"sobre","status":"publish","type":"page","link":"https:\/\/arttamoveis.com.br\/index.php\/sobre\/","title":{"rendered":"Sobre"},"content":{"rendered":"\n<h6 class=\"wp-block-heading\">&#8220;A Artta M\u00f3veis \u00e9 uma empresa especializada na fabrica\u00e7\u00e3o de m\u00f3veis sob medida, unindo a tradi\u00e7\u00e3o da marcenaria com mais de 30 anos de experi\u00eancia no setor. Ao longo de sua trajet\u00f3ria, a empresa consolidou um trabalho pautado na qualidade, no cuidado com os detalhes e na valoriza\u00e7\u00e3o de cada projeto.<br><br>Com foco em inova\u00e7\u00e3o, a Artta investe constantemente em tecnologia e processos modernos de produ\u00e7\u00e3o, garantindo maior precis\u00e3o, efici\u00eancia e acabamento superior. Cada m\u00f3vel \u00e9 desenvolvido para atender \u00e0s necessidades e ao estilo de cada cliente, oferecendo solu\u00e7\u00f5es personalizadas para diferentes ambientes. <br><br>A combina\u00e7\u00e3o entre experi\u00eancia, criatividade e tecnologia permite \u00e0 Artta M\u00f3veis entregar projetos funcionais, elegantes e dur\u00e1veis. Dessa forma, a empresa se destaca por transformar ideias em ambientes \u00fanicos e bem planejados, transformando sonhos em realidade.&#8221;<br><br>Nossa sede est\u00e1 localizada na cidade de Sapucaia do Sul mas atende todo o estado do Rio Grande do Sul, Santa Catarina e Paran\u00e1.<br><br>A empresa \u00e9 conduzida por s\u00f3cios que exercem fun\u00e7\u00f5es complementares e estrat\u00e9gicas em sua gest\u00e3o. Entre eles, est\u00e1 o mentor do neg\u00f3cio, que contribui com experi\u00eancia, direcionamento e solidez nas decis\u00f5es. O vision\u00e1rio \u00e9 respons\u00e1vel por impulsionar novas ideias e identificar oportunidades de crescimento. O especialista garante excel\u00eancia t\u00e9cnica, qualidade nos processos e aten\u00e7\u00e3o aos detalhes. J\u00e1 a cabe\u00e7a pensante do neg\u00f3cio atua de forma estrat\u00e9gica na organiza\u00e7\u00e3o, no planejamento e na integra\u00e7\u00e3o das \u00e1reas, assegurando equil\u00edbrio e efici\u00eancia em cada etapa.<\/h6>\n","protected":false},"excerpt":{"rendered":"<p>&#8220;A Artta M\u00f3veis \u00e9 uma empresa especializada na fabrica\u00e7\u00e3o de m\u00f3veis sob medida, unindo a tradi\u00e7\u00e3o da marcenaria com mais de 30 anos de experi\u00eancia no setor. Ao longo de sua trajet\u00f3ria, a empresa consolidou um trabalho pautado na qualidade, no cuidado com os detalhes e na valoriza\u00e7\u00e3o de cada projeto. Com foco em inova\u00e7\u00e3o, [&hellip;]<\/p>\n","protected":false},"author":1,"featured_media":0,"parent":0,"menu_order":0,"comment_status":"closed","ping_status":"closed","template":"","meta":{"footnotes":""},"class_list":["post-7","page","type-page","status-publish","hentry"],"_links":{"self":[{"href":"https:\/\/arttamoveis.com.br\/index.php\/wp-json\/wp\/v2\/pages\/7","targetHints":{"allow":["GET"]}}],"collection":[{"href":"https:\/\/arttamoveis.com.br\/index.php\/wp-json\/wp\/v2\/pages"}],"about":[{"href":"https:\/\/arttamoveis.com.br\/index.php\/wp-json\/wp\/v2\/types\/page"}],"author":[{"embeddable":true,"href":"https:\/\/arttamoveis.com.br\/index.php\/wp-json\/wp\/v2\/users\/1"}],"replies":[{"embeddable":true,"href":"https:\/\/arttamoveis.com.br\/index.php\/wp-json\/wp\/v2\/comments?post=7"}],"version-history":[{"count":10,"href":"https:\/\/arttamoveis.com.br\/index.php\/wp-json\/wp\/v2\/pages\/7\/revisions"}],"predecessor-version":[{"id":241,"href":"https:\/\/arttamoveis.com.br\/index.php\/wp-json\/wp\/v2\/pages\/7\/revisions\/241"}],"wp:attachment":[{"href":"https:\/\/arttamoveis.com.br\/index.php\/wp-json\/wp\/v2\/media?parent=7"}],"curies":[{"name":"wp","href":"https:\/\/api.w.org\/{rel}","templated":true}]}}